{"id":110,"date":"2022-08-24T11:59:40","date_gmt":"2022-08-24T09:59:40","guid":{"rendered":"https:\/\/pojdewnocymrok.org\/?page_id=110"},"modified":"2023-02-23T21:45:20","modified_gmt":"2023-02-23T20:45:20","slug":"akcja-czysty-las","status":"publish","type":"page","link":"https:\/\/pojdewnocymrok.org\/?page_id=110","title":{"rendered":"Akcja czysty las"},"content":{"rendered":"\n<p>Akcj\u0119 Czysty Las zorganizowali\u015bmy po raz pierwszy w 2020 r. Potrzeba by\u0142a oczywista. Chcieli\u015bmy sprz\u0105tn\u0105\u0107 odpady pozostawione przez r\u00f3\u017cnych ludzi, nie tylko mieszka\u0144c\u00f3w miasta i gminy. Podczas corocznej akcji znajdujemy wiele prywatnych odpad\u00f3w np. lod\u00f3wki, fotele, wyk\u0142adziny, butelki itd. Du\u017c\u0105 cz\u0119\u015b\u0107 naszych \u201eznalezisk\u201d stanowi\u0105 ha\u0142dy z oponami i innymi cz\u0119\u015bciami samochodowymi.<\/p>\n\n\n\n<div class=\"wp-block-group\"><div class=\"wp-block-group__inner-container is-layout-flow wp-block-group-is-layout-flow\">\n<p><br>Wielu mieszka\u0144c\u00f3w \u0141askarzewa przychodzi sprz\u0105ta\u0107 las razem z dzie\u0107mi. Dzi\u0119ki temu nowe pokolenia ucz\u0105 si\u0119 ekologii i dbania o wsp\u00f3lne dobro. W akcji co roku pomagaj\u0105 nam:<\/p>\n\n\n\n<div class=\"wp-block-group\"><div class=\"wp-block-group__inner-container is-layout-flow wp-block-group-is-layout-flow\">\n<div class=\"wp-block-columns is-layout-flex wp-container-core-columns-is-layout-9d6595d7 wp-block-columns-is-layout-flex\">\n<div class=\"wp-block-column is-layout-flow wp-block-column-is-layout-flow\" style=\"flex-basis:100%\">\n<div class=\"wp-block-columns is-layout-flex wp-container-core-columns-is-layout-9d6595d7 wp-block-columns-is-layout-flex\">\n<div class=\"wp-block-column is-layout-flow wp-block-column-is-layout-flow\" style=\"flex-basis:100%\">\n<figure class=\"wp-block-image size-large is-resized\"><img loading=\"lazy\" decoding=\"async\" src=\"https:\/\/pojdewnocymrok.org\/wp-content\/uploads\/2023\/02\/20220604_125548-1024x485.jpg\" alt=\"\" class=\"wp-image-143\" width=\"669\" height=\"317\" srcset=\"https:\/\/pojdewnocymrok.org\/wp-content\/uploads\/2023\/02\/20220604_125548-1024x485.jpg 1024w, https:\/\/pojdewnocymrok.org\/wp-content\/uploads\/2023\/02\/20220604_125548-300x142.jpg 300w, https:\/\/pojdewnocymrok.org\/wp-content\/uploads\/2023\/02\/20220604_125548-768x364.jpg 768w, https:\/\/pojdewnocymrok.org\/wp-content\/uploads\/2023\/02\/20220604_125548-1536x727.jpg 1536w, https:\/\/pojdewnocymrok.org\/wp-content\/uploads\/2023\/02\/20220604_125548.jpg 1920w\" sizes=\"auto, (max-width: 669px) 100vw, 669px\" \/><\/figure>\n<\/div>\n<\/div>\n\n\n\n<ul class=\"wp-block-list\"><li>Miasto \u0141askarzew;<\/li><li>Wsp\u00f3lnota dla zagospodarowania grunt\u00f3w;<\/li><li>Nadle\u015bnictwo Garwolin.<\/li><\/ul>\n\n\n\n<p>Zach\u0119camy wszystkich do sprz\u0105tania lasu nie tylko podczas akcji, ale te\u017c na co dzie\u0144.<\/p>\n<\/div>\n<\/div>\n<\/div><\/div>\n<\/div><\/div>\n\n\n\n<p><\/p>\n","protected":false},"excerpt":{"rendered":"<p>Akcj\u0119 Czysty Las zorganizowali\u015bmy po raz pierwszy w 2020 r. Potrzeba by\u0142a oczywista. Chcieli\u015bmy sprz\u0105tn\u0105\u0107 odpady pozostawione przez r\u00f3\u017cnych ludzi, nie tylko mieszka\u0144c\u00f3w miasta i gminy. Podczas corocznej akcji znajdujemy wiele prywatnych odpad\u00f3w np. lod\u00f3wki, fotele, wyk\u0142adziny, butelki itd. Du\u017c\u0105 cz\u0119\u015b\u0107 naszych \u201eznalezisk\u201d stanowi\u0105 ha\u0142dy z oponami i innymi cz\u0119\u015bciami samochodowymi. Wielu mieszka\u0144c\u00f3w \u0141askarzewa przychodzi &hellip; <\/p>\n<p class=\"link-more\"><a href=\"https:\/\/pojdewnocymrok.org\/?page_id=110\" class=\"more-link\">Czytaj dalej<span class=\"screen-reader-text\"> \u201eAkcja czysty las\u201d<\/span><\/a><\/p>\n","protected":false},"author":3,"featured_media":0,"parent":106,"menu_order":2,"comment_status":"closed","ping_status":"closed","template":"","meta":{"footnotes":""},"class_list":["post-110","page","type-page","status-publish","hentry"],"_links":{"self":[{"href":"https:\/\/pojdewnocymrok.org\/index.php?rest_route=\/wp\/v2\/pages\/110","targetHints":{"allow":["GET"]}}],"collection":[{"href":"https:\/\/pojdewnocymrok.org\/index.php?rest_route=\/wp\/v2\/pages"}],"about":[{"href":"https:\/\/pojdewnocymrok.org\/index.php?rest_route=\/wp\/v2\/types\/page"}],"author":[{"embeddable":true,"href":"https:\/\/pojdewnocymrok.org\/index.php?rest_route=\/wp\/v2\/users\/3"}],"replies":[{"embeddable":true,"href":"https:\/\/pojdewnocymrok.org\/index.php?rest_route=%2Fwp%2Fv2%2Fcomments&post=110"}],"version-history":[{"count":5,"href":"https:\/\/pojdewnocymrok.org\/index.php?rest_route=\/wp\/v2\/pages\/110\/revisions"}],"predecessor-version":[{"id":167,"href":"https:\/\/pojdewnocymrok.org\/index.php?rest_route=\/wp\/v2\/pages\/110\/revisions\/167"}],"up":[{"embeddable":true,"href":"https:\/\/pojdewnocymrok.org\/index.php?rest_route=\/wp\/v2\/pages\/106"}],"wp:attachment":[{"href":"https:\/\/pojdewnocymrok.org\/index.php?rest_route=%2Fwp%2Fv2%2Fmedia&parent=110"}],"curies":[{"name":"wp","href":"https:\/\/api.w.org\/{rel}","templated":true}]}}