{"id":108,"date":"2022-08-24T11:58:42","date_gmt":"2022-08-24T09:58:42","guid":{"rendered":"https:\/\/pojdewnocymrok.org\/?page_id=108"},"modified":"2023-02-23T21:42:46","modified_gmt":"2023-02-23T20:42:46","slug":"rajd-nocny","status":"publish","type":"page","link":"https:\/\/pojdewnocymrok.org\/?page_id=108","title":{"rendered":"Rajd nocny"},"content":{"rendered":"\n<p>\u0141askarzewski Pieszy Rajd Nocny \u201eP\u00f3jd\u0119 w nocy mrok\u201d jest naszym najbardziej znanym wydarzeniem. Pierwotnie Rajd firmowany by\u0142 przez Stowarzyszenie Historyczne Ziemi \u0141askarzewskiej, jednak to w\u0142a\u015bnie ekipa \u201eP\u00f3jd\u0119 w nocy mrok\u201d pracowa\u0142a przy nim od pocz\u0105tku. Od pocz\u0105tku rajd wspiera r\u00f3wnie\u017c Stowarzyszenie Centrum Integracyjno animacyjne oraz OSP \u0141askarzew.<\/p>\n\n\n\n<figure class=\"wp-block-image size-large\"><img loading=\"lazy\" decoding=\"async\" width=\"1024\" height=\"686\" src=\"https:\/\/pojdewnocymrok.org\/wp-content\/uploads\/2023\/02\/cropped-R19-5-1-1024x686.jpg\" alt=\"\" class=\"wp-image-158\" srcset=\"https:\/\/pojdewnocymrok.org\/wp-content\/uploads\/2023\/02\/cropped-R19-5-1-1024x686.jpg 1024w, https:\/\/pojdewnocymrok.org\/wp-content\/uploads\/2023\/02\/cropped-R19-5-1-300x201.jpg 300w, https:\/\/pojdewnocymrok.org\/wp-content\/uploads\/2023\/02\/cropped-R19-5-1-768x514.jpg 768w, https:\/\/pojdewnocymrok.org\/wp-content\/uploads\/2023\/02\/cropped-R19-5-1-1536x1028.jpg 1536w, https:\/\/pojdewnocymrok.org\/wp-content\/uploads\/2023\/02\/cropped-R19-5-1.jpg 2000w\" sizes=\"auto, (max-width: 767px) 89vw, (max-width: 1000px) 54vw, (max-width: 1071px) 543px, 580px\" \/><\/figure>\n\n\n\n<p>Rajd upami\u0119tnia wydarzenia 17 wrze\u015bnia 1939 r. Wtedy \u0141askarzew po zaci\u0119tej walce zosta\u0142 doszcz\u0119tnie spalony przez wojska niemieckie. Wspominamy bohaterstwo obro\u0144c\u00f3w, oraz tych wszystkich, kt\u00f3rzy w 1939 r. \u201eweszli w nocy mrok\u201d, rozpoczynaj\u0105c okres nier\u00f3wnej walki z okupantem. Nasz wysi\u0142ek jest znakiem pami\u0119ci, jednak wytyczane s\u0105 trzy trasy o r\u00f3\u017cnym stopniu trudno\u015bci. Chcemy, \u017ceby ka\u017cdy \u2012 niezale\u017cnie od kondycji fizycznej \u2012 mia\u0142 mo\u017cliwo\u015b\u0107 wzi\u0119cia udzia\u0142u w rajdzie. Uczestnicy co roku spotykaj\u0105 si\u0119 przy wsp\u00f3lnym ognisku. Jego p\u0142omie\u0144 sta\u0142 si\u0119 symbolem rajdu i Stowarzyszenia.<\/p>\n","protected":false},"excerpt":{"rendered":"<p>\u0141askarzewski Pieszy Rajd Nocny \u201eP\u00f3jd\u0119 w nocy mrok\u201d jest naszym najbardziej znanym wydarzeniem. Pierwotnie Rajd firmowany by\u0142 przez Stowarzyszenie Historyczne Ziemi \u0141askarzewskiej, jednak to w\u0142a\u015bnie ekipa \u201eP\u00f3jd\u0119 w nocy mrok\u201d pracowa\u0142a przy nim od pocz\u0105tku. Od pocz\u0105tku rajd wspiera r\u00f3wnie\u017c Stowarzyszenie Centrum Integracyjno animacyjne oraz OSP \u0141askarzew. Rajd upami\u0119tnia wydarzenia 17 wrze\u015bnia 1939 r. Wtedy &hellip; <\/p>\n<p class=\"link-more\"><a href=\"https:\/\/pojdewnocymrok.org\/?page_id=108\" class=\"more-link\">Czytaj dalej<span class=\"screen-reader-text\"> \u201eRajd nocny\u201d<\/span><\/a><\/p>\n","protected":false},"author":3,"featured_media":0,"parent":106,"menu_order":1,"comment_status":"closed","ping_status":"closed","template":"","meta":{"footnotes":""},"class_list":["post-108","page","type-page","status-publish","hentry"],"_links":{"self":[{"href":"https:\/\/pojdewnocymrok.org\/index.php?rest_route=\/wp\/v2\/pages\/108","targetHints":{"allow":["GET"]}}],"collection":[{"href":"https:\/\/pojdewnocymrok.org\/index.php?rest_route=\/wp\/v2\/pages"}],"about":[{"href":"https:\/\/pojdewnocymrok.org\/index.php?rest_route=\/wp\/v2\/types\/page"}],"author":[{"embeddable":true,"href":"https:\/\/pojdewnocymrok.org\/index.php?rest_route=\/wp\/v2\/users\/3"}],"replies":[{"embeddable":true,"href":"https:\/\/pojdewnocymrok.org\/index.php?rest_route=%2Fwp%2Fv2%2Fcomments&post=108"}],"version-history":[{"count":4,"href":"https:\/\/pojdewnocymrok.org\/index.php?rest_route=\/wp\/v2\/pages\/108\/revisions"}],"predecessor-version":[{"id":165,"href":"https:\/\/pojdewnocymrok.org\/index.php?rest_route=\/wp\/v2\/pages\/108\/revisions\/165"}],"up":[{"embeddable":true,"href":"https:\/\/pojdewnocymrok.org\/index.php?rest_route=\/wp\/v2\/pages\/106"}],"wp:attachment":[{"href":"https:\/\/pojdewnocymrok.org\/index.php?rest_route=%2Fwp%2Fv2%2Fmedia&parent=108"}],"curies":[{"name":"wp","href":"https:\/\/api.w.org\/{rel}","templated":true}]}}