{"id":106,"date":"2022-08-24T11:58:12","date_gmt":"2022-08-24T09:58:12","guid":{"rendered":"https:\/\/pojdewnocymrok.org\/?page_id=106"},"modified":"2023-02-25T01:14:20","modified_gmt":"2023-02-25T00:14:20","slug":"wydarzenia","status":"publish","type":"page","link":"https:\/\/pojdewnocymrok.org\/?page_id=106","title":{"rendered":"Wydarzenia"},"content":{"rendered":"\n<p>W tej chwili prowadzimy dwa cykliczne wydarzenia:<\/p>\n\n\n\n<div class=\"wp-block-group\"><div class=\"wp-block-group__inner-container is-layout-flow wp-block-group-is-layout-flow\">\n<ul class=\"wp-block-list\"><li><a href=\"https:\/\/pojdewnocymrok.org\/?page_id=108\" data-type=\"URL\" data-id=\"https:\/\/pojdewnocymrok.org\/?page_id=108\">\u0141askarzewski rajd nocny<\/a><\/li><li><a href=\"https:\/\/pojdewnocymrok.org\/?page_id=110\">Akcja czysty las<\/a><\/li><\/ul>\n<\/div><\/div>\n\n\n\n<p>W przygotowaniu r\u00f3wnie\u017c nowe projekty. W odpowiednich podstronach znajduj\u0105 si\u0119 dok\u0142adne opisy naszych wydarze\u0144.<\/p>\n","protected":false},"excerpt":{"rendered":"<p>W tej chwili prowadzimy dwa cykliczne wydarzenia: \u0141askarzewski rajd nocny Akcja czysty las W przygotowaniu r\u00f3wnie\u017c nowe projekty. W odpowiednich podstronach znajduj\u0105 si\u0119 dok\u0142adne opisy naszych wydarze\u0144.<\/p>\n","protected":false},"author":3,"featured_media":0,"parent":0,"menu_order":0,"comment_status":"closed","ping_status":"closed","template":"","meta":{"footnotes":""},"class_list":["post-106","page","type-page","status-publish","hentry"],"_links":{"self":[{"href":"https:\/\/pojdewnocymrok.org\/index.php?rest_route=\/wp\/v2\/pages\/106","targetHints":{"allow":["GET"]}}],"collection":[{"href":"https:\/\/pojdewnocymrok.org\/index.php?rest_route=\/wp\/v2\/pages"}],"about":[{"href":"https:\/\/pojdewnocymrok.org\/index.php?rest_route=\/wp\/v2\/types\/page"}],"author":[{"embeddable":true,"href":"https:\/\/pojdewnocymrok.org\/index.php?rest_route=\/wp\/v2\/users\/3"}],"replies":[{"embeddable":true,"href":"https:\/\/pojdewnocymrok.org\/index.php?rest_route=%2Fwp%2Fv2%2Fcomments&post=106"}],"version-history":[{"count":3,"href":"https:\/\/pojdewnocymrok.org\/index.php?rest_route=\/wp\/v2\/pages\/106\/revisions"}],"predecessor-version":[{"id":170,"href":"https:\/\/pojdewnocymrok.org\/index.php?rest_route=\/wp\/v2\/pages\/106\/revisions\/170"}],"wp:attachment":[{"href":"https:\/\/pojdewnocymrok.org\/index.php?rest_route=%2Fwp%2Fv2%2Fmedia&parent=106"}],"curies":[{"name":"wp","href":"https:\/\/api.w.org\/{rel}","templated":true}]}}