{"id":104,"date":"2022-08-24T11:57:50","date_gmt":"2022-08-24T09:57:50","guid":{"rendered":"https:\/\/pojdewnocymrok.org\/?page_id=104"},"modified":"2022-09-02T17:13:06","modified_gmt":"2022-09-02T15:13:06","slug":"o-nas","status":"publish","type":"page","link":"https:\/\/pojdewnocymrok.org\/?page_id=104","title":{"rendered":"O nas"},"content":{"rendered":"\n<p>Historia stowarzyszenia bierze pocz\u0105tek w 2011 roku, kiedy na szlak wyszed\u0142 Pierwszy \u0141askarzewski Pieszy Rajd Nocny &#8222;P\u00f3jd\u0119 w nocy mrok&#8221;. Zebra\u0142a si\u0119 wtedy grupa przyjaci\u00f3\u0142, kt\u00f3ra od tego czasu organizuje rajd nocny oraz inne wydarzenia zwi\u0105zane z histori\u0105, turystyk\u0105 i ochron\u0105 przyrody. W pewnym momencie nasta\u0142a potrzeba, \u017ceby nasze dzia\u0142ania przybra\u0142y bardziej rozwini\u0119t\u0105 form\u0119.<\/p>\n\n\n\n<p>W 2019 r. nasza nieformalna grupa zawi\u0105za\u0142a stowarzyszenie zwyk\u0142e. Od tego czasu jeszcze bardziej rozwijamy dzia\u0142ania. Skupiamy si\u0119 na warto\u015bciach wsp\u00f3lnych. Naczeln\u0105 zasad\u0105 jest neutralno\u015b\u0107 \u015bwiatopogl\u0105dowa. Celebrujemy nasze wydarzenia i rocznice bez oficjalnych przem\u00f3wie\u0144 i wtr\u0119t\u00f3w ze \u015bwiata polityki. Dzi\u0119ki temu \u2012 niezale\u017cnie od w\u0142asnych przekona\u0144 \u2012 ka\u017cdy mo\u017ce wsp\u00f3lnie z nami w\u0119drowa\u0107 po rajdowych szlakach, wspomina\u0107 histori\u0119 i dba\u0107 o przyrod\u0119.<\/p>\n","protected":false},"excerpt":{"rendered":"<p>Historia stowarzyszenia bierze pocz\u0105tek w 2011 roku, kiedy na szlak wyszed\u0142 Pierwszy \u0141askarzewski Pieszy Rajd Nocny &#8222;P\u00f3jd\u0119 w nocy mrok&#8221;. Zebra\u0142a si\u0119 wtedy grupa przyjaci\u00f3\u0142, kt\u00f3ra od tego czasu organizuje rajd nocny oraz inne wydarzenia zwi\u0105zane z histori\u0105, turystyk\u0105 i ochron\u0105 przyrody. W pewnym momencie nasta\u0142a potrzeba, \u017ceby nasze dzia\u0142ania przybra\u0142y bardziej rozwini\u0119t\u0105 form\u0119. W &hellip; <\/p>\n<p class=\"link-more\"><a href=\"https:\/\/pojdewnocymrok.org\/?page_id=104\" class=\"more-link\">Czytaj dalej<span class=\"screen-reader-text\"> \u201eO nas\u201d<\/span><\/a><\/p>\n","protected":false},"author":3,"featured_media":0,"parent":0,"menu_order":0,"comment_status":"closed","ping_status":"closed","template":"","meta":{"footnotes":""},"class_list":["post-104","page","type-page","status-publish","hentry"],"_links":{"self":[{"href":"https:\/\/pojdewnocymrok.org\/index.php?rest_route=\/wp\/v2\/pages\/104","targetHints":{"allow":["GET"]}}],"collection":[{"href":"https:\/\/pojdewnocymrok.org\/index.php?rest_route=\/wp\/v2\/pages"}],"about":[{"href":"https:\/\/pojdewnocymrok.org\/index.php?rest_route=\/wp\/v2\/types\/page"}],"author":[{"embeddable":true,"href":"https:\/\/pojdewnocymrok.org\/index.php?rest_route=\/wp\/v2\/users\/3"}],"replies":[{"embeddable":true,"href":"https:\/\/pojdewnocymrok.org\/index.php?rest_route=%2Fwp%2Fv2%2Fcomments&post=104"}],"version-history":[{"count":2,"href":"https:\/\/pojdewnocymrok.org\/index.php?rest_route=\/wp\/v2\/pages\/104\/revisions"}],"predecessor-version":[{"id":124,"href":"https:\/\/pojdewnocymrok.org\/index.php?rest_route=\/wp\/v2\/pages\/104\/revisions\/124"}],"wp:attachment":[{"href":"https:\/\/pojdewnocymrok.org\/index.php?rest_route=%2Fwp%2Fv2%2Fmedia&parent=104"}],"curies":[{"name":"wp","href":"https:\/\/api.w.org\/{rel}","templated":true}]}}